{"id":923,"date":"2022-03-08T16:08:55","date_gmt":"2022-03-08T15:08:55","guid":{"rendered":"https:\/\/digitalloverofficiel.com\/index.php\/produit\/hoodie-with-logo\/"},"modified":"2022-04-05T20:27:57","modified_gmt":"2022-04-05T18:27:57","slug":"vinyle-digital-lover","status":"publish","type":"product","link":"https:\/\/digitalloverofficiel.com\/index.php\/produit\/vinyle-digital-lover\/","title":{"rendered":"Vinyle de l&rsquo;EP \u00ab DERANGEMENT \u00bb"},"content":{"rendered":"","protected":false},"excerpt":{"rendered":"","protected":false},"featured_media":924,"template":"","meta":[],"product_brand":[],"product_cat":[21],"product_tag":[],"class_list":{"0":"post-923","1":"product","2":"type-product","3":"status-publish","4":"has-post-thumbnail","6":"product_cat-non-classe","8":"first","9":"instock","10":"purchasable","11":"product-type-simple"},"yoast_head":"<!-- This site is optimized with the Yoast SEO plugin v27.4 - https:\/\/yoast.com\/product\/yoast-seo-wordpress\/ -->\n<title>Vinyle de l&#039;EP \u00ab DERANGEMENT \u00bb | DIGITAL LOVER<\/title>\n<meta name=\"description\" content=\"Vinyle de l&#039;EP &quot;Derangement&quot; de Digital Lover\" \/>\n<meta name=\"robots\" content=\"index, follow, max-snippet:-1, max-image-preview:large, max-video-preview:-1\" \/>\n<link rel=\"canonical\" href=\"https:\/\/digitalloverofficiel.com\/index.php\/produit\/vinyle-digital-lover\/\" \/>\n<meta property=\"og:locale\" content=\"fr_FR\" \/>\n<meta property=\"og:type\" content=\"article\" \/>\n<meta property=\"og:title\" content=\"Vinyle de l&#039;EP \u00ab DERANGEMENT \u00bb | DIGITAL LOVER\" \/>\n<meta property=\"og:description\" content=\"Vinyle de l&#039;EP &quot;Derangement&quot; de Digital Lover\" \/>\n<meta property=\"og:url\" content=\"https:\/\/digitalloverofficiel.com\/index.php\/produit\/vinyle-digital-lover\/\" \/>\n<meta property=\"og:site_name\" content=\"DIGITAL LOVER\" \/>\n<meta property=\"article:modified_time\" content=\"2022-04-05T18:27:57+00:00\" \/>\n<meta property=\"og:image\" content=\"https:\/\/digitalloverofficiel.com\/wp-content\/uploads\/2022\/03\/IMG_7676-scaled.jpg\" \/>\n\t<meta property=\"og:image:width\" content=\"2560\" \/>\n\t<meta property=\"og:image:height\" content=\"1708\" \/>\n\t<meta property=\"og:image:type\" content=\"image\/jpeg\" \/>\n<meta name=\"twitter:card\" content=\"summary_large_image\" \/>\n<script type=\"application\/ld+json\" class=\"yoast-schema-graph\">{\"@context\":\"https:\\\/\\\/schema.org\",\"@graph\":[{\"@type\":\"WebPage\",\"@id\":\"https:\\\/\\\/digitalloverofficiel.com\\\/index.php\\\/produit\\\/vinyle-digital-lover\\\/\",\"url\":\"https:\\\/\\\/digitalloverofficiel.com\\\/index.php\\\/produit\\\/vinyle-digital-lover\\\/\",\"name\":\"Vinyle de l'EP \u00ab DERANGEMENT \u00bb | DIGITAL LOVER\",\"isPartOf\":{\"@id\":\"https:\\\/\\\/digitalloverofficiel.com\\\/#website\"},\"primaryImageOfPage\":{\"@id\":\"https:\\\/\\\/digitalloverofficiel.com\\\/index.php\\\/produit\\\/vinyle-digital-lover\\\/#primaryimage\"},\"image\":{\"@id\":\"https:\\\/\\\/digitalloverofficiel.com\\\/index.php\\\/produit\\\/vinyle-digital-lover\\\/#primaryimage\"},\"thumbnailUrl\":\"https:\\\/\\\/digitalloverofficiel.com\\\/wp-content\\\/uploads\\\/2022\\\/03\\\/IMG_7676-scaled.jpg\",\"datePublished\":\"2022-03-08T15:08:55+00:00\",\"dateModified\":\"2022-04-05T18:27:57+00:00\",\"description\":\"Vinyle de l'EP \\\"Derangement\\\" de Digital Lover\",\"breadcrumb\":{\"@id\":\"https:\\\/\\\/digitalloverofficiel.com\\\/index.php\\\/produit\\\/vinyle-digital-lover\\\/#breadcrumb\"},\"inLanguage\":\"fr-FR\",\"potentialAction\":[{\"@type\":\"ReadAction\",\"target\":[\"https:\\\/\\\/digitalloverofficiel.com\\\/index.php\\\/produit\\\/vinyle-digital-lover\\\/\"]}]},{\"@type\":\"ImageObject\",\"inLanguage\":\"fr-FR\",\"@id\":\"https:\\\/\\\/digitalloverofficiel.com\\\/index.php\\\/produit\\\/vinyle-digital-lover\\\/#primaryimage\",\"url\":\"https:\\\/\\\/digitalloverofficiel.com\\\/wp-content\\\/uploads\\\/2022\\\/03\\\/IMG_7676-scaled.jpg\",\"contentUrl\":\"https:\\\/\\\/digitalloverofficiel.com\\\/wp-content\\\/uploads\\\/2022\\\/03\\\/IMG_7676-scaled.jpg\",\"width\":2560,\"height\":1708},{\"@type\":\"BreadcrumbList\",\"@id\":\"https:\\\/\\\/digitalloverofficiel.com\\\/index.php\\\/produit\\\/vinyle-digital-lover\\\/#breadcrumb\",\"itemListElement\":[{\"@type\":\"ListItem\",\"position\":1,\"name\":\"Accueil\",\"item\":\"https:\\\/\\\/digitalloverofficiel.com\\\/\"},{\"@type\":\"ListItem\",\"position\":2,\"name\":\"Boutique\",\"item\":\"https:\\\/\\\/digitalloverofficiel.com\\\/index.php\\\/boutique\\\/\"},{\"@type\":\"ListItem\",\"position\":3,\"name\":\"Vinyle de l&rsquo;EP \u00ab DERANGEMENT \u00bb\"}]},{\"@type\":\"WebSite\",\"@id\":\"https:\\\/\\\/digitalloverofficiel.com\\\/#website\",\"url\":\"https:\\\/\\\/digitalloverofficiel.com\\\/\",\"name\":\"DIGITAL LOVER\",\"description\":\"Cr\u00e9\u00e9 en 2017 en r\u00e9gion parisienne, Digital Lover offre un reggae instrumental aux fronti\u00e8res du Rock, du Dub et de la Synthwave.\",\"publisher\":{\"@id\":\"https:\\\/\\\/digitalloverofficiel.com\\\/#\\\/schema\\\/person\\\/7db65bb1974041fa692627b4c8dad02d\"},\"potentialAction\":[{\"@type\":\"SearchAction\",\"target\":{\"@type\":\"EntryPoint\",\"urlTemplate\":\"https:\\\/\\\/digitalloverofficiel.com\\\/?s={search_term_string}\"},\"query-input\":{\"@type\":\"PropertyValueSpecification\",\"valueRequired\":true,\"valueName\":\"search_term_string\"}}],\"inLanguage\":\"fr-FR\"},{\"@type\":[\"Person\",\"Organization\"],\"@id\":\"https:\\\/\\\/digitalloverofficiel.com\\\/#\\\/schema\\\/person\\\/7db65bb1974041fa692627b4c8dad02d\",\"name\":\"admin6576\",\"image\":{\"@type\":\"ImageObject\",\"inLanguage\":\"fr-FR\",\"@id\":\"https:\\\/\\\/digitalloverofficiel.com\\\/wp-content\\\/uploads\\\/2020\\\/12\\\/test2.jpg\",\"url\":\"https:\\\/\\\/digitalloverofficiel.com\\\/wp-content\\\/uploads\\\/2020\\\/12\\\/test2.jpg\",\"contentUrl\":\"https:\\\/\\\/digitalloverofficiel.com\\\/wp-content\\\/uploads\\\/2020\\\/12\\\/test2.jpg\",\"width\":2500,\"height\":702,\"caption\":\"admin6576\"},\"logo\":{\"@id\":\"https:\\\/\\\/digitalloverofficiel.com\\\/wp-content\\\/uploads\\\/2020\\\/12\\\/test2.jpg\"},\"sameAs\":[\"http:\\\/\\\/digitalloverofficiel.com\"]}]}<\/script>\n<!-- \/ Yoast SEO plugin. -->","yoast_head_json":{"title":"Vinyle de l'EP \u00ab DERANGEMENT \u00bb | DIGITAL LOVER","description":"Vinyle de l'EP \"Derangement\" de Digital Lover","robots":{"index":"index","follow":"follow","max-snippet":"max-snippet:-1","max-image-preview":"max-image-preview:large","max-video-preview":"max-video-preview:-1"},"canonical":"https:\/\/digitalloverofficiel.com\/index.php\/produit\/vinyle-digital-lover\/","og_locale":"fr_FR","og_type":"article","og_title":"Vinyle de l'EP \u00ab DERANGEMENT \u00bb | DIGITAL LOVER","og_description":"Vinyle de l'EP \"Derangement\" de Digital Lover","og_url":"https:\/\/digitalloverofficiel.com\/index.php\/produit\/vinyle-digital-lover\/","og_site_name":"DIGITAL LOVER","article_modified_time":"2022-04-05T18:27:57+00:00","og_image":[{"width":2560,"height":1708,"url":"https:\/\/digitalloverofficiel.com\/wp-content\/uploads\/2022\/03\/IMG_7676-scaled.jpg","type":"image\/jpeg"}],"twitter_card":"summary_large_image","schema":{"@context":"https:\/\/schema.org","@graph":[{"@type":"WebPage","@id":"https:\/\/digitalloverofficiel.com\/index.php\/produit\/vinyle-digital-lover\/","url":"https:\/\/digitalloverofficiel.com\/index.php\/produit\/vinyle-digital-lover\/","name":"Vinyle de l'EP \u00ab DERANGEMENT \u00bb | DIGITAL LOVER","isPartOf":{"@id":"https:\/\/digitalloverofficiel.com\/#website"},"primaryImageOfPage":{"@id":"https:\/\/digitalloverofficiel.com\/index.php\/produit\/vinyle-digital-lover\/#primaryimage"},"image":{"@id":"https:\/\/digitalloverofficiel.com\/index.php\/produit\/vinyle-digital-lover\/#primaryimage"},"thumbnailUrl":"https:\/\/digitalloverofficiel.com\/wp-content\/uploads\/2022\/03\/IMG_7676-scaled.jpg","datePublished":"2022-03-08T15:08:55+00:00","dateModified":"2022-04-05T18:27:57+00:00","description":"Vinyle de l'EP \"Derangement\" de Digital Lover","breadcrumb":{"@id":"https:\/\/digitalloverofficiel.com\/index.php\/produit\/vinyle-digital-lover\/#breadcrumb"},"inLanguage":"fr-FR","potentialAction":[{"@type":"ReadAction","target":["https:\/\/digitalloverofficiel.com\/index.php\/produit\/vinyle-digital-lover\/"]}]},{"@type":"ImageObject","inLanguage":"fr-FR","@id":"https:\/\/digitalloverofficiel.com\/index.php\/produit\/vinyle-digital-lover\/#primaryimage","url":"https:\/\/digitalloverofficiel.com\/wp-content\/uploads\/2022\/03\/IMG_7676-scaled.jpg","contentUrl":"https:\/\/digitalloverofficiel.com\/wp-content\/uploads\/2022\/03\/IMG_7676-scaled.jpg","width":2560,"height":1708},{"@type":"BreadcrumbList","@id":"https:\/\/digitalloverofficiel.com\/index.php\/produit\/vinyle-digital-lover\/#breadcrumb","itemListElement":[{"@type":"ListItem","position":1,"name":"Accueil","item":"https:\/\/digitalloverofficiel.com\/"},{"@type":"ListItem","position":2,"name":"Boutique","item":"https:\/\/digitalloverofficiel.com\/index.php\/boutique\/"},{"@type":"ListItem","position":3,"name":"Vinyle de l&rsquo;EP \u00ab DERANGEMENT \u00bb"}]},{"@type":"WebSite","@id":"https:\/\/digitalloverofficiel.com\/#website","url":"https:\/\/digitalloverofficiel.com\/","name":"DIGITAL LOVER","description":"Cr\u00e9\u00e9 en 2017 en r\u00e9gion parisienne, Digital Lover offre un reggae instrumental aux fronti\u00e8res du Rock, du Dub et de la Synthwave.","publisher":{"@id":"https:\/\/digitalloverofficiel.com\/#\/schema\/person\/7db65bb1974041fa692627b4c8dad02d"},"potentialAction":[{"@type":"SearchAction","target":{"@type":"EntryPoint","urlTemplate":"https:\/\/digitalloverofficiel.com\/?s={search_term_string}"},"query-input":{"@type":"PropertyValueSpecification","valueRequired":true,"valueName":"search_term_string"}}],"inLanguage":"fr-FR"},{"@type":["Person","Organization"],"@id":"https:\/\/digitalloverofficiel.com\/#\/schema\/person\/7db65bb1974041fa692627b4c8dad02d","name":"admin6576","image":{"@type":"ImageObject","inLanguage":"fr-FR","@id":"https:\/\/digitalloverofficiel.com\/wp-content\/uploads\/2020\/12\/test2.jpg","url":"https:\/\/digitalloverofficiel.com\/wp-content\/uploads\/2020\/12\/test2.jpg","contentUrl":"https:\/\/digitalloverofficiel.com\/wp-content\/uploads\/2020\/12\/test2.jpg","width":2500,"height":702,"caption":"admin6576"},"logo":{"@id":"https:\/\/digitalloverofficiel.com\/wp-content\/uploads\/2020\/12\/test2.jpg"},"sameAs":["http:\/\/digitalloverofficiel.com"]}]}},"jetpack_sharing_enabled":true,"_links":{"self":[{"href":"https:\/\/digitalloverofficiel.com\/index.php\/wp-json\/wp\/v2\/product\/923","targetHints":{"allow":["GET"]}}],"collection":[{"href":"https:\/\/digitalloverofficiel.com\/index.php\/wp-json\/wp\/v2\/product"}],"about":[{"href":"https:\/\/digitalloverofficiel.com\/index.php\/wp-json\/wp\/v2\/types\/product"}],"wp:featuredmedia":[{"embeddable":true,"href":"https:\/\/digitalloverofficiel.com\/index.php\/wp-json\/wp\/v2\/media\/924"}],"wp:attachment":[{"href":"https:\/\/digitalloverofficiel.com\/index.php\/wp-json\/wp\/v2\/media?parent=923"}],"wp:term":[{"taxonomy":"product_brand","embeddable":true,"href":"https:\/\/digitalloverofficiel.com\/index.php\/wp-json\/wp\/v2\/product_brand?post=923"},{"taxonomy":"product_cat","embeddable":true,"href":"https:\/\/digitalloverofficiel.com\/index.php\/wp-json\/wp\/v2\/product_cat?post=923"},{"taxonomy":"product_tag","embeddable":true,"href":"https:\/\/digitalloverofficiel.com\/index.php\/wp-json\/wp\/v2\/product_tag?post=923"}],"curies":[{"name":"wp","href":"https:\/\/api.w.org\/{rel}","templated":true}]}}