{"id":151,"date":"2020-11-29T22:38:51","date_gmt":"2020-11-29T21:38:51","guid":{"rendered":"http:\/\/digitalloverofficiel.com\/?page_id=151"},"modified":"2026-02-22T18:20:41","modified_gmt":"2026-02-22T17:20:41","slug":"photos","status":"publish","type":"page","link":"https:\/\/digitalloverofficiel.com\/index.php\/photos\/","title":{"rendered":"PHOTOS"},"content":{"rendered":"\t\t<div data-elementor-type=\"wp-page\" data-elementor-id=\"151\" class=\"elementor elementor-151\" data-elementor-post-type=\"page\">\n\t\t\t\t\t\t<section class=\"elementor-section elementor-top-section elementor-element elementor-element-e634253 elementor-section-boxed elementor-section-height-default elementor-section-height-default\" data-id=\"e634253\" data-element_type=\"section\" data-e-type=\"section\">\n\t\t\t\t\t\t<div class=\"elementor-container elementor-column-gap-default\">\n\t\t\t\t\t<div class=\"elementor-column elementor-col-100 elementor-top-column elementor-element elementor-element-361a1c3\" data-id=\"361a1c3\" data-element_type=\"column\" data-e-type=\"column\">\n\t\t\t<div class=\"elementor-widget-wrap elementor-element-populated\">\n\t\t\t\t\t\t<div class=\"elementor-element elementor-element-b514940 elementor-widget elementor-widget-image\" data-id=\"b514940\" data-element_type=\"widget\" data-e-type=\"widget\" data-widget_type=\"image.default\">\n\t\t\t\t<div class=\"elementor-widget-container\">\n\t\t\t\t\t\t\t\t\t\t\t\t\t\t\t<img fetchpriority=\"high\" decoding=\"async\" width=\"580\" height=\"871\" src=\"https:\/\/digitalloverofficiel.com\/wp-content\/uploads\/2024\/04\/PHOTO-COM--682x1024.jpg\" class=\"attachment-large size-large wp-image-1602\" alt=\"\" srcset=\"https:\/\/digitalloverofficiel.com\/wp-content\/uploads\/2024\/04\/PHOTO-COM--682x1024.jpg 682w, https:\/\/digitalloverofficiel.com\/wp-content\/uploads\/2024\/04\/PHOTO-COM--200x300.jpg 200w, https:\/\/digitalloverofficiel.com\/wp-content\/uploads\/2024\/04\/PHOTO-COM--768x1153.jpg 768w, https:\/\/digitalloverofficiel.com\/wp-content\/uploads\/2024\/04\/PHOTO-COM--1023x1536.jpg 1023w, https:\/\/digitalloverofficiel.com\/wp-content\/uploads\/2024\/04\/PHOTO-COM--8x12.jpg 8w, https:\/\/digitalloverofficiel.com\/wp-content\/uploads\/2024\/04\/PHOTO-COM--600x901.jpg 600w, https:\/\/digitalloverofficiel.com\/wp-content\/uploads\/2024\/04\/PHOTO-COM-.jpg 1066w\" sizes=\"(max-width: 580px) 100vw, 580px\" \/>\t\t\t\t\t\t\t\t\t\t\t\t\t\t\t<\/div>\n\t\t\t\t<\/div>\n\t\t\t\t<section class=\"elementor-section elementor-inner-section elementor-element elementor-element-7bfa934 elementor-section-boxed elementor-section-height-default elementor-section-height-default\" data-id=\"7bfa934\" data-element_type=\"section\" data-e-type=\"section\">\n\t\t\t\t\t\t<div class=\"elementor-container elementor-column-gap-default\">\n\t\t\t\t\t<div class=\"elementor-column elementor-col-100 elementor-inner-column elementor-element elementor-element-524177c\" data-id=\"524177c\" data-element_type=\"column\" data-e-type=\"column\">\n\t\t\t<div class=\"elementor-widget-wrap elementor-element-populated\">\n\t\t\t\t\t\t<div class=\"elementor-element elementor-element-bfaea1c elementor-invisible elementor-widget elementor-widget-image\" data-id=\"bfaea1c\" data-element_type=\"widget\" data-e-type=\"widget\" data-settings=\"{&quot;_animation&quot;:&quot;fadeInRight&quot;}\" data-widget_type=\"image.default\">\n\t\t\t\t<div class=\"elementor-widget-container\">\n\t\t\t\t\t\t\t\t\t\t\t\t\t\t\t<img decoding=\"async\" width=\"580\" height=\"870\" src=\"https:\/\/digitalloverofficiel.com\/wp-content\/uploads\/2023\/02\/DSC01781-683x1024.jpg\" class=\"elementor-animation-grow attachment-large size-large wp-image-1553\" alt=\"\" srcset=\"https:\/\/digitalloverofficiel.com\/wp-content\/uploads\/2023\/02\/DSC01781-683x1024.jpg 683w, https:\/\/digitalloverofficiel.com\/wp-content\/uploads\/2023\/02\/DSC01781-200x300.jpg 200w, https:\/\/digitalloverofficiel.com\/wp-content\/uploads\/2023\/02\/DSC01781-768x1152.jpg 768w, https:\/\/digitalloverofficiel.com\/wp-content\/uploads\/2023\/02\/DSC01781-scaled.jpg 1707w\" sizes=\"(max-width: 580px) 100vw, 580px\" \/>\t\t\t\t\t\t\t\t\t\t\t\t\t\t\t<\/div>\n\t\t\t\t<\/div>\n\t\t\t\t\t<\/div>\n\t\t<\/div>\n\t\t\t\t\t<\/div>\n\t\t<\/section>\n\t\t\t\t<div class=\"elementor-element elementor-element-e794502 elementor-widget elementor-widget-text-editor\" data-id=\"e794502\" data-element_type=\"widget\" data-e-type=\"widget\" data-widget_type=\"text-editor.default\">\n\t\t\t\t<div class=\"elementor-widget-container\">\n\t\t\t\t\t\t\t\t\t<p><span style=\"font-size: 12pt;\">\u00a9 Raypix<\/span><\/p>\t\t\t\t\t\t\t\t<\/div>\n\t\t\t\t<\/div>\n\t\t\t\t\t<\/div>\n\t\t<\/div>\n\t\t\t\t\t<\/div>\n\t\t<\/section>\n\t\t\t\t<\/div>\n\t\t","protected":false},"excerpt":{"rendered":"<p>\u00a9 Raypix<\/p>\n","protected":false},"author":1,"featured_media":0,"parent":0,"menu_order":0,"comment_status":"closed","ping_status":"closed","template":"","meta":{"footnotes":""},"class_list":["post-151","page","type-page","status-publish","hentry"],"yoast_head":"<!-- This site is optimized with the Yoast SEO plugin v27.3 - https:\/\/yoast.com\/product\/yoast-seo-wordpress\/ -->\n<title>DIGITAL LOVER | PHOTOS<\/title>\n<meta name=\"description\" content=\"Photographies de Digital Lover\" \/>\n<meta name=\"robots\" content=\"index, follow, max-snippet:-1, max-image-preview:large, max-video-preview:-1\" \/>\n<link rel=\"canonical\" href=\"https:\/\/digitalloverofficiel.com\/index.php\/photos\/\" \/>\n<meta property=\"og:locale\" content=\"fr_FR\" \/>\n<meta property=\"og:type\" content=\"article\" \/>\n<meta property=\"og:title\" content=\"DIGITAL LOVER | PHOTOS\" \/>\n<meta property=\"og:description\" content=\"Photographies de Digital Lover\" \/>\n<meta property=\"og:url\" content=\"https:\/\/digitalloverofficiel.com\/index.php\/photos\/\" \/>\n<meta property=\"og:site_name\" content=\"DIGITAL LOVER\" \/>\n<meta property=\"article:modified_time\" content=\"2026-02-22T17:20:41+00:00\" \/>\n<meta property=\"og:image\" content=\"https:\/\/digitalloverofficiel.com\/wp-content\/uploads\/2024\/04\/PHOTO-COM-.jpg\" \/>\n\t<meta property=\"og:image:width\" content=\"1066\" \/>\n\t<meta property=\"og:image:height\" content=\"1600\" \/>\n\t<meta property=\"og:image:type\" content=\"image\/jpeg\" \/>\n<meta name=\"twitter:card\" content=\"summary_large_image\" \/>\n<meta name=\"twitter:label1\" content=\"Dur\u00e9e de lecture estim\u00e9e\" \/>\n\t<meta name=\"twitter:data1\" content=\"1 minute\" \/>\n<script type=\"application\/ld+json\" class=\"yoast-schema-graph\">{\"@context\":\"https:\\\/\\\/schema.org\",\"@graph\":[{\"@type\":\"WebPage\",\"@id\":\"https:\\\/\\\/digitalloverofficiel.com\\\/index.php\\\/photos\\\/\",\"url\":\"https:\\\/\\\/digitalloverofficiel.com\\\/index.php\\\/photos\\\/\",\"name\":\"DIGITAL LOVER | PHOTOS\",\"isPartOf\":{\"@id\":\"https:\\\/\\\/digitalloverofficiel.com\\\/#website\"},\"primaryImageOfPage\":{\"@id\":\"https:\\\/\\\/digitalloverofficiel.com\\\/index.php\\\/photos\\\/#primaryimage\"},\"image\":{\"@id\":\"https:\\\/\\\/digitalloverofficiel.com\\\/index.php\\\/photos\\\/#primaryimage\"},\"thumbnailUrl\":\"https:\\\/\\\/digitalloverofficiel.com\\\/wp-content\\\/uploads\\\/2024\\\/04\\\/PHOTO-COM--682x1024.jpg\",\"datePublished\":\"2020-11-29T21:38:51+00:00\",\"dateModified\":\"2026-02-22T17:20:41+00:00\",\"description\":\"Photographies de Digital Lover\",\"breadcrumb\":{\"@id\":\"https:\\\/\\\/digitalloverofficiel.com\\\/index.php\\\/photos\\\/#breadcrumb\"},\"inLanguage\":\"fr-FR\",\"potentialAction\":[{\"@type\":\"ReadAction\",\"target\":[\"https:\\\/\\\/digitalloverofficiel.com\\\/index.php\\\/photos\\\/\"]}]},{\"@type\":\"ImageObject\",\"inLanguage\":\"fr-FR\",\"@id\":\"https:\\\/\\\/digitalloverofficiel.com\\\/index.php\\\/photos\\\/#primaryimage\",\"url\":\"https:\\\/\\\/digitalloverofficiel.com\\\/wp-content\\\/uploads\\\/2024\\\/04\\\/PHOTO-COM-.jpg\",\"contentUrl\":\"https:\\\/\\\/digitalloverofficiel.com\\\/wp-content\\\/uploads\\\/2024\\\/04\\\/PHOTO-COM-.jpg\",\"width\":1066,\"height\":1600},{\"@type\":\"BreadcrumbList\",\"@id\":\"https:\\\/\\\/digitalloverofficiel.com\\\/index.php\\\/photos\\\/#breadcrumb\",\"itemListElement\":[{\"@type\":\"ListItem\",\"position\":1,\"name\":\"Accueil\",\"item\":\"https:\\\/\\\/digitalloverofficiel.com\\\/\"},{\"@type\":\"ListItem\",\"position\":2,\"name\":\"PHOTOS\"}]},{\"@type\":\"WebSite\",\"@id\":\"https:\\\/\\\/digitalloverofficiel.com\\\/#website\",\"url\":\"https:\\\/\\\/digitalloverofficiel.com\\\/\",\"name\":\"DIGITAL LOVER\",\"description\":\"Cr\u00e9\u00e9 en 2017 en r\u00e9gion parisienne, Digital Lover offre un reggae instrumental aux fronti\u00e8res du Rock, du Dub et de la Synthwave.\",\"publisher\":{\"@id\":\"https:\\\/\\\/digitalloverofficiel.com\\\/#\\\/schema\\\/person\\\/7db65bb1974041fa692627b4c8dad02d\"},\"potentialAction\":[{\"@type\":\"SearchAction\",\"target\":{\"@type\":\"EntryPoint\",\"urlTemplate\":\"https:\\\/\\\/digitalloverofficiel.com\\\/?s={search_term_string}\"},\"query-input\":{\"@type\":\"PropertyValueSpecification\",\"valueRequired\":true,\"valueName\":\"search_term_string\"}}],\"inLanguage\":\"fr-FR\"},{\"@type\":[\"Person\",\"Organization\"],\"@id\":\"https:\\\/\\\/digitalloverofficiel.com\\\/#\\\/schema\\\/person\\\/7db65bb1974041fa692627b4c8dad02d\",\"name\":\"admin6576\",\"image\":{\"@type\":\"ImageObject\",\"inLanguage\":\"fr-FR\",\"@id\":\"https:\\\/\\\/digitalloverofficiel.com\\\/wp-content\\\/uploads\\\/2020\\\/12\\\/test2.jpg\",\"url\":\"https:\\\/\\\/digitalloverofficiel.com\\\/wp-content\\\/uploads\\\/2020\\\/12\\\/test2.jpg\",\"contentUrl\":\"https:\\\/\\\/digitalloverofficiel.com\\\/wp-content\\\/uploads\\\/2020\\\/12\\\/test2.jpg\",\"width\":2500,\"height\":702,\"caption\":\"admin6576\"},\"logo\":{\"@id\":\"https:\\\/\\\/digitalloverofficiel.com\\\/wp-content\\\/uploads\\\/2020\\\/12\\\/test2.jpg\"},\"sameAs\":[\"http:\\\/\\\/digitalloverofficiel.com\"]}]}<\/script>\n<!-- \/ Yoast SEO plugin. -->","yoast_head_json":{"title":"DIGITAL LOVER | PHOTOS","description":"Photographies de Digital Lover","robots":{"index":"index","follow":"follow","max-snippet":"max-snippet:-1","max-image-preview":"max-image-preview:large","max-video-preview":"max-video-preview:-1"},"canonical":"https:\/\/digitalloverofficiel.com\/index.php\/photos\/","og_locale":"fr_FR","og_type":"article","og_title":"DIGITAL LOVER | PHOTOS","og_description":"Photographies de Digital Lover","og_url":"https:\/\/digitalloverofficiel.com\/index.php\/photos\/","og_site_name":"DIGITAL LOVER","article_modified_time":"2026-02-22T17:20:41+00:00","og_image":[{"width":1066,"height":1600,"url":"https:\/\/digitalloverofficiel.com\/wp-content\/uploads\/2024\/04\/PHOTO-COM-.jpg","type":"image\/jpeg"}],"twitter_card":"summary_large_image","twitter_misc":{"Dur\u00e9e de lecture estim\u00e9e":"1 minute"},"schema":{"@context":"https:\/\/schema.org","@graph":[{"@type":"WebPage","@id":"https:\/\/digitalloverofficiel.com\/index.php\/photos\/","url":"https:\/\/digitalloverofficiel.com\/index.php\/photos\/","name":"DIGITAL LOVER | PHOTOS","isPartOf":{"@id":"https:\/\/digitalloverofficiel.com\/#website"},"primaryImageOfPage":{"@id":"https:\/\/digitalloverofficiel.com\/index.php\/photos\/#primaryimage"},"image":{"@id":"https:\/\/digitalloverofficiel.com\/index.php\/photos\/#primaryimage"},"thumbnailUrl":"https:\/\/digitalloverofficiel.com\/wp-content\/uploads\/2024\/04\/PHOTO-COM--682x1024.jpg","datePublished":"2020-11-29T21:38:51+00:00","dateModified":"2026-02-22T17:20:41+00:00","description":"Photographies de Digital Lover","breadcrumb":{"@id":"https:\/\/digitalloverofficiel.com\/index.php\/photos\/#breadcrumb"},"inLanguage":"fr-FR","potentialAction":[{"@type":"ReadAction","target":["https:\/\/digitalloverofficiel.com\/index.php\/photos\/"]}]},{"@type":"ImageObject","inLanguage":"fr-FR","@id":"https:\/\/digitalloverofficiel.com\/index.php\/photos\/#primaryimage","url":"https:\/\/digitalloverofficiel.com\/wp-content\/uploads\/2024\/04\/PHOTO-COM-.jpg","contentUrl":"https:\/\/digitalloverofficiel.com\/wp-content\/uploads\/2024\/04\/PHOTO-COM-.jpg","width":1066,"height":1600},{"@type":"BreadcrumbList","@id":"https:\/\/digitalloverofficiel.com\/index.php\/photos\/#breadcrumb","itemListElement":[{"@type":"ListItem","position":1,"name":"Accueil","item":"https:\/\/digitalloverofficiel.com\/"},{"@type":"ListItem","position":2,"name":"PHOTOS"}]},{"@type":"WebSite","@id":"https:\/\/digitalloverofficiel.com\/#website","url":"https:\/\/digitalloverofficiel.com\/","name":"DIGITAL LOVER","description":"Cr\u00e9\u00e9 en 2017 en r\u00e9gion parisienne, Digital Lover offre un reggae instrumental aux fronti\u00e8res du Rock, du Dub et de la Synthwave.","publisher":{"@id":"https:\/\/digitalloverofficiel.com\/#\/schema\/person\/7db65bb1974041fa692627b4c8dad02d"},"potentialAction":[{"@type":"SearchAction","target":{"@type":"EntryPoint","urlTemplate":"https:\/\/digitalloverofficiel.com\/?s={search_term_string}"},"query-input":{"@type":"PropertyValueSpecification","valueRequired":true,"valueName":"search_term_string"}}],"inLanguage":"fr-FR"},{"@type":["Person","Organization"],"@id":"https:\/\/digitalloverofficiel.com\/#\/schema\/person\/7db65bb1974041fa692627b4c8dad02d","name":"admin6576","image":{"@type":"ImageObject","inLanguage":"fr-FR","@id":"https:\/\/digitalloverofficiel.com\/wp-content\/uploads\/2020\/12\/test2.jpg","url":"https:\/\/digitalloverofficiel.com\/wp-content\/uploads\/2020\/12\/test2.jpg","contentUrl":"https:\/\/digitalloverofficiel.com\/wp-content\/uploads\/2020\/12\/test2.jpg","width":2500,"height":702,"caption":"admin6576"},"logo":{"@id":"https:\/\/digitalloverofficiel.com\/wp-content\/uploads\/2020\/12\/test2.jpg"},"sameAs":["http:\/\/digitalloverofficiel.com"]}]}},"jetpack_sharing_enabled":true,"_links":{"self":[{"href":"https:\/\/digitalloverofficiel.com\/index.php\/wp-json\/wp\/v2\/pages\/151","targetHints":{"allow":["GET"]}}],"collection":[{"href":"https:\/\/digitalloverofficiel.com\/index.php\/wp-json\/wp\/v2\/pages"}],"about":[{"href":"https:\/\/digitalloverofficiel.com\/index.php\/wp-json\/wp\/v2\/types\/page"}],"author":[{"embeddable":true,"href":"https:\/\/digitalloverofficiel.com\/index.php\/wp-json\/wp\/v2\/users\/1"}],"replies":[{"embeddable":true,"href":"https:\/\/digitalloverofficiel.com\/index.php\/wp-json\/wp\/v2\/comments?post=151"}],"version-history":[{"count":29,"href":"https:\/\/digitalloverofficiel.com\/index.php\/wp-json\/wp\/v2\/pages\/151\/revisions"}],"predecessor-version":[{"id":1695,"href":"https:\/\/digitalloverofficiel.com\/index.php\/wp-json\/wp\/v2\/pages\/151\/revisions\/1695"}],"wp:attachment":[{"href":"https:\/\/digitalloverofficiel.com\/index.php\/wp-json\/wp\/v2\/media?parent=151"}],"curies":[{"name":"wp","href":"https:\/\/api.w.org\/{rel}","templated":true}]}}