{"id":13,"date":"2020-11-28T23:20:52","date_gmt":"2020-11-28T22:20:52","guid":{"rendered":"http:\/\/digitalloverofficiel.com\/?page_id=13"},"modified":"2026-02-22T18:33:52","modified_gmt":"2026-02-22T17:33:52","slug":"biographie","status":"publish","type":"page","link":"https:\/\/digitalloverofficiel.com\/index.php\/biographie\/","title":{"rendered":"BIOGRAPHIE"},"content":{"rendered":"\t\t<div data-elementor-type=\"wp-page\" data-elementor-id=\"13\" class=\"elementor elementor-13\" data-elementor-post-type=\"page\">\n\t\t\t\t\t\t<section class=\"elementor-section elementor-top-section elementor-element elementor-element-72807992 elementor-section-boxed elementor-section-height-default elementor-section-height-default\" data-id=\"72807992\" data-element_type=\"section\" data-e-type=\"section\">\n\t\t\t\t\t\t<div class=\"elementor-container elementor-column-gap-default\">\n\t\t\t\t\t<div class=\"elementor-column elementor-col-100 elementor-top-column elementor-element elementor-element-25099a7b\" data-id=\"25099a7b\" data-element_type=\"column\" data-e-type=\"column\">\n\t\t\t<div class=\"elementor-widget-wrap elementor-element-populated\">\n\t\t\t\t\t\t<div class=\"elementor-element elementor-element-7fdba63 animated-slow elementor-invisible elementor-widget elementor-widget-image\" data-id=\"7fdba63\" data-element_type=\"widget\" data-e-type=\"widget\" data-settings=\"{&quot;_animation&quot;:&quot;fadeInUp&quot;}\" data-widget_type=\"image.default\">\n\t\t\t\t<div class=\"elementor-widget-container\">\n\t\t\t\t\t\t\t\t\t\t\t\t\t\t\t<img fetchpriority=\"high\" decoding=\"async\" width=\"1066\" height=\"1600\" src=\"https:\/\/digitalloverofficiel.com\/wp-content\/uploads\/2024\/04\/PHOTO-COM-.jpg\" class=\"attachment-full size-full wp-image-1602\" alt=\"\" srcset=\"https:\/\/digitalloverofficiel.com\/wp-content\/uploads\/2024\/04\/PHOTO-COM-.jpg 1066w, https:\/\/digitalloverofficiel.com\/wp-content\/uploads\/2024\/04\/PHOTO-COM--200x300.jpg 200w, https:\/\/digitalloverofficiel.com\/wp-content\/uploads\/2024\/04\/PHOTO-COM--682x1024.jpg 682w, https:\/\/digitalloverofficiel.com\/wp-content\/uploads\/2024\/04\/PHOTO-COM--768x1153.jpg 768w, https:\/\/digitalloverofficiel.com\/wp-content\/uploads\/2024\/04\/PHOTO-COM--1023x1536.jpg 1023w, https:\/\/digitalloverofficiel.com\/wp-content\/uploads\/2024\/04\/PHOTO-COM--8x12.jpg 8w, https:\/\/digitalloverofficiel.com\/wp-content\/uploads\/2024\/04\/PHOTO-COM--600x901.jpg 600w\" sizes=\"(max-width: 1066px) 100vw, 1066px\" \/>\t\t\t\t\t\t\t\t\t\t\t\t\t\t\t<\/div>\n\t\t\t\t<\/div>\n\t\t\t\t<div class=\"elementor-element elementor-element-d56b1e3 animated-slow elementor-invisible elementor-widget elementor-widget-text-editor\" data-id=\"d56b1e3\" data-element_type=\"widget\" data-e-type=\"widget\" data-settings=\"{&quot;_animation&quot;:&quot;fadeInUp&quot;}\" data-widget_type=\"text-editor.default\">\n\t\t\t\t<div class=\"elementor-widget-container\">\n\t\t\t\t\t\t\t\t\t<h4 style=\"text-align: center;\"><span style=\"font-family: Oxanium;\"><b>BIOGRAPHIE<\/b><\/span><b><\/b><\/h4><p><span style=\"font-weight: 400;\">Apr\u00e8s avoir explor\u00e9 les confins d\u2019un dub lent et ambiant avec son pr\u00e9c\u00e9dent EP \u201c<\/span><i><span style=\"font-weight: 400;\">Evolution<\/span><\/i><span style=\"font-weight: 400;\">\u201d qui nous invitait \u00e0 un voyage introspectif sur les origines de la vie, Digital Lover revient avec son reggae dub atmosph\u00e9rique mais en op\u00e9rant un virage radical : celui du verbe et de l&rsquo;incarnation.<\/span><\/p><p><span style=\"font-weight: 400;\">Pour son nouveau projet, un triptyque sonore explorant la trajectoire d&rsquo;un amour fantasm\u00e9 qui s&rsquo;\u00e9tiole, Digital Lover a choisi de briser le silence de ses compositions initialement instrumentales. En invitant trois personnalit\u00e9s fortes au chant, il transforme ses paysages sonores en v\u00e9ritables th\u00e9\u00e2tres d\u2019\u00e9motions.<\/span><\/p><p><span style=\"font-weight: 400;\">En faisant le choix d\u2019un enregistrement \u00ab\u00a0live\u00a0\u00bb, ses trois nouveaux singles Treason, El Dragon, Love is beyond control, capturent l&rsquo;impr\u00e9visible, la vibration brute des voix et le moment pr\u00e9sent.<\/span><\/p>\t\t\t\t\t\t\t\t<\/div>\n\t\t\t\t<\/div>\n\t\t\t\t\t<\/div>\n\t\t<\/div>\n\t\t\t\t\t<\/div>\n\t\t<\/section>\n\t\t\t\t<\/div>\n\t\t","protected":false},"excerpt":{"rendered":"<p>BIOGRAPHIE Apr\u00e8s avoir explor\u00e9 les confins d\u2019un dub lent et ambiant avec son pr\u00e9c\u00e9dent EP \u201cEvolution\u201d qui nous invitait \u00e0 un voyage introspectif sur les origines de la vie, Digital Lover revient avec son reggae dub atmosph\u00e9rique mais en op\u00e9rant un virage radical : celui du verbe et de l&rsquo;incarnation. Pour son nouveau projet, un&hellip;<\/p>\n","protected":false},"author":1,"featured_media":0,"parent":0,"menu_order":0,"comment_status":"closed","ping_status":"closed","template":"","meta":{"footnotes":""},"class_list":["post-13","page","type-page","status-publish","hentry"],"yoast_head":"<!-- This site is optimized with the Yoast SEO plugin v27.4 - https:\/\/yoast.com\/product\/yoast-seo-wordpress\/ -->\n<title>DIGITAL LOVER | BIOGRAPHIE<\/title>\n<meta name=\"description\" content=\"Cr\u00e9\u00e9 en 2017 en r\u00e9gion parisienne, Digital Lover offre un reggae instrumental aux fronti\u00e8res du rock, du dub et de la synthwave.\" \/>\n<meta name=\"robots\" content=\"index, follow, max-snippet:-1, max-image-preview:large, max-video-preview:-1\" \/>\n<link rel=\"canonical\" href=\"https:\/\/digitalloverofficiel.com\/index.php\/biographie\/\" \/>\n<meta property=\"og:locale\" content=\"fr_FR\" \/>\n<meta property=\"og:type\" content=\"article\" \/>\n<meta property=\"og:title\" content=\"BIOGRAPHIE\" \/>\n<meta property=\"og:description\" content=\"Cr\u00e9\u00e9 en 2017 en r\u00e9gion parisienne, Digital Lover offre un reggae instrumental aux fronti\u00e8res du rock, du dub et de la synthwave.\" \/>\n<meta property=\"og:url\" content=\"https:\/\/digitalloverofficiel.com\/index.php\/biographie\/\" \/>\n<meta property=\"og:site_name\" content=\"DIGITAL LOVER\" \/>\n<meta property=\"article:modified_time\" content=\"2026-02-22T17:33:52+00:00\" \/>\n<meta property=\"og:image\" content=\"https:\/\/digitalloverofficiel.com\/wp-content\/uploads\/2020\/11\/Sans-titre-essai-1024x1024.jpg\" \/>\n\t<meta property=\"og:image:width\" content=\"1024\" \/>\n\t<meta property=\"og:image:height\" content=\"1024\" \/>\n\t<meta property=\"og:image:type\" content=\"image\/jpeg\" \/>\n<meta name=\"twitter:card\" content=\"summary_large_image\" \/>\n<meta name=\"twitter:title\" content=\"BIOGRAPHIE\" \/>\n<meta name=\"twitter:description\" content=\"Cr\u00e9\u00e9 en 2017 en r\u00e9gion parisienne, Digital Lover offre un reggae instrumental aux fronti\u00e8res du rock, du dub et de la synthwave.\" \/>\n<meta name=\"twitter:image\" content=\"https:\/\/digitalloverofficiel.com\/wp-content\/uploads\/2020\/11\/Sans-titre-essai.jpg\" \/>\n<meta name=\"twitter:label1\" content=\"Dur\u00e9e de lecture estim\u00e9e\" \/>\n\t<meta name=\"twitter:data1\" content=\"1 minute\" \/>\n<script type=\"application\/ld+json\" class=\"yoast-schema-graph\">{\"@context\":\"https:\\\/\\\/schema.org\",\"@graph\":[{\"@type\":\"WebPage\",\"@id\":\"https:\\\/\\\/digitalloverofficiel.com\\\/index.php\\\/biographie\\\/\",\"url\":\"https:\\\/\\\/digitalloverofficiel.com\\\/index.php\\\/biographie\\\/\",\"name\":\"DIGITAL LOVER | BIOGRAPHIE\",\"isPartOf\":{\"@id\":\"https:\\\/\\\/digitalloverofficiel.com\\\/#website\"},\"primaryImageOfPage\":{\"@id\":\"https:\\\/\\\/digitalloverofficiel.com\\\/index.php\\\/biographie\\\/#primaryimage\"},\"image\":{\"@id\":\"https:\\\/\\\/digitalloverofficiel.com\\\/index.php\\\/biographie\\\/#primaryimage\"},\"thumbnailUrl\":\"https:\\\/\\\/digitalloverofficiel.com\\\/wp-content\\\/uploads\\\/2024\\\/04\\\/PHOTO-COM-.jpg\",\"datePublished\":\"2020-11-28T22:20:52+00:00\",\"dateModified\":\"2026-02-22T17:33:52+00:00\",\"description\":\"Cr\u00e9\u00e9 en 2017 en r\u00e9gion parisienne, Digital Lover offre un reggae instrumental aux fronti\u00e8res du rock, du dub et de la synthwave.\",\"breadcrumb\":{\"@id\":\"https:\\\/\\\/digitalloverofficiel.com\\\/index.php\\\/biographie\\\/#breadcrumb\"},\"inLanguage\":\"fr-FR\",\"potentialAction\":[{\"@type\":\"ReadAction\",\"target\":[\"https:\\\/\\\/digitalloverofficiel.com\\\/index.php\\\/biographie\\\/\"]}]},{\"@type\":\"ImageObject\",\"inLanguage\":\"fr-FR\",\"@id\":\"https:\\\/\\\/digitalloverofficiel.com\\\/index.php\\\/biographie\\\/#primaryimage\",\"url\":\"https:\\\/\\\/digitalloverofficiel.com\\\/wp-content\\\/uploads\\\/2024\\\/04\\\/PHOTO-COM-.jpg\",\"contentUrl\":\"https:\\\/\\\/digitalloverofficiel.com\\\/wp-content\\\/uploads\\\/2024\\\/04\\\/PHOTO-COM-.jpg\",\"width\":1066,\"height\":1600},{\"@type\":\"BreadcrumbList\",\"@id\":\"https:\\\/\\\/digitalloverofficiel.com\\\/index.php\\\/biographie\\\/#breadcrumb\",\"itemListElement\":[{\"@type\":\"ListItem\",\"position\":1,\"name\":\"Accueil\",\"item\":\"https:\\\/\\\/digitalloverofficiel.com\\\/\"},{\"@type\":\"ListItem\",\"position\":2,\"name\":\"BIOGRAPHIE\"}]},{\"@type\":\"WebSite\",\"@id\":\"https:\\\/\\\/digitalloverofficiel.com\\\/#website\",\"url\":\"https:\\\/\\\/digitalloverofficiel.com\\\/\",\"name\":\"DIGITAL LOVER\",\"description\":\"Cr\u00e9\u00e9 en 2017 en r\u00e9gion parisienne, Digital Lover offre un reggae instrumental aux fronti\u00e8res du Rock, du Dub et de la Synthwave.\",\"publisher\":{\"@id\":\"https:\\\/\\\/digitalloverofficiel.com\\\/#\\\/schema\\\/person\\\/7db65bb1974041fa692627b4c8dad02d\"},\"potentialAction\":[{\"@type\":\"SearchAction\",\"target\":{\"@type\":\"EntryPoint\",\"urlTemplate\":\"https:\\\/\\\/digitalloverofficiel.com\\\/?s={search_term_string}\"},\"query-input\":{\"@type\":\"PropertyValueSpecification\",\"valueRequired\":true,\"valueName\":\"search_term_string\"}}],\"inLanguage\":\"fr-FR\"},{\"@type\":[\"Person\",\"Organization\"],\"@id\":\"https:\\\/\\\/digitalloverofficiel.com\\\/#\\\/schema\\\/person\\\/7db65bb1974041fa692627b4c8dad02d\",\"name\":\"admin6576\",\"image\":{\"@type\":\"ImageObject\",\"inLanguage\":\"fr-FR\",\"@id\":\"https:\\\/\\\/digitalloverofficiel.com\\\/wp-content\\\/uploads\\\/2020\\\/12\\\/test2.jpg\",\"url\":\"https:\\\/\\\/digitalloverofficiel.com\\\/wp-content\\\/uploads\\\/2020\\\/12\\\/test2.jpg\",\"contentUrl\":\"https:\\\/\\\/digitalloverofficiel.com\\\/wp-content\\\/uploads\\\/2020\\\/12\\\/test2.jpg\",\"width\":2500,\"height\":702,\"caption\":\"admin6576\"},\"logo\":{\"@id\":\"https:\\\/\\\/digitalloverofficiel.com\\\/wp-content\\\/uploads\\\/2020\\\/12\\\/test2.jpg\"},\"sameAs\":[\"http:\\\/\\\/digitalloverofficiel.com\"]}]}<\/script>\n<!-- \/ Yoast SEO plugin. -->","yoast_head_json":{"title":"DIGITAL LOVER | BIOGRAPHIE","description":"Cr\u00e9\u00e9 en 2017 en r\u00e9gion parisienne, Digital Lover offre un reggae instrumental aux fronti\u00e8res du rock, du dub et de la synthwave.","robots":{"index":"index","follow":"follow","max-snippet":"max-snippet:-1","max-image-preview":"max-image-preview:large","max-video-preview":"max-video-preview:-1"},"canonical":"https:\/\/digitalloverofficiel.com\/index.php\/biographie\/","og_locale":"fr_FR","og_type":"article","og_title":"BIOGRAPHIE","og_description":"Cr\u00e9\u00e9 en 2017 en r\u00e9gion parisienne, Digital Lover offre un reggae instrumental aux fronti\u00e8res du rock, du dub et de la synthwave.","og_url":"https:\/\/digitalloverofficiel.com\/index.php\/biographie\/","og_site_name":"DIGITAL LOVER","article_modified_time":"2026-02-22T17:33:52+00:00","og_image":[{"width":1024,"height":1024,"url":"https:\/\/digitalloverofficiel.com\/wp-content\/uploads\/2020\/11\/Sans-titre-essai-1024x1024.jpg","type":"image\/jpeg"}],"twitter_card":"summary_large_image","twitter_title":"BIOGRAPHIE","twitter_description":"Cr\u00e9\u00e9 en 2017 en r\u00e9gion parisienne, Digital Lover offre un reggae instrumental aux fronti\u00e8res du rock, du dub et de la synthwave.","twitter_image":"https:\/\/digitalloverofficiel.com\/wp-content\/uploads\/2020\/11\/Sans-titre-essai.jpg","twitter_misc":{"Dur\u00e9e de lecture estim\u00e9e":"1 minute"},"schema":{"@context":"https:\/\/schema.org","@graph":[{"@type":"WebPage","@id":"https:\/\/digitalloverofficiel.com\/index.php\/biographie\/","url":"https:\/\/digitalloverofficiel.com\/index.php\/biographie\/","name":"DIGITAL LOVER | BIOGRAPHIE","isPartOf":{"@id":"https:\/\/digitalloverofficiel.com\/#website"},"primaryImageOfPage":{"@id":"https:\/\/digitalloverofficiel.com\/index.php\/biographie\/#primaryimage"},"image":{"@id":"https:\/\/digitalloverofficiel.com\/index.php\/biographie\/#primaryimage"},"thumbnailUrl":"https:\/\/digitalloverofficiel.com\/wp-content\/uploads\/2024\/04\/PHOTO-COM-.jpg","datePublished":"2020-11-28T22:20:52+00:00","dateModified":"2026-02-22T17:33:52+00:00","description":"Cr\u00e9\u00e9 en 2017 en r\u00e9gion parisienne, Digital Lover offre un reggae instrumental aux fronti\u00e8res du rock, du dub et de la synthwave.","breadcrumb":{"@id":"https:\/\/digitalloverofficiel.com\/index.php\/biographie\/#breadcrumb"},"inLanguage":"fr-FR","potentialAction":[{"@type":"ReadAction","target":["https:\/\/digitalloverofficiel.com\/index.php\/biographie\/"]}]},{"@type":"ImageObject","inLanguage":"fr-FR","@id":"https:\/\/digitalloverofficiel.com\/index.php\/biographie\/#primaryimage","url":"https:\/\/digitalloverofficiel.com\/wp-content\/uploads\/2024\/04\/PHOTO-COM-.jpg","contentUrl":"https:\/\/digitalloverofficiel.com\/wp-content\/uploads\/2024\/04\/PHOTO-COM-.jpg","width":1066,"height":1600},{"@type":"BreadcrumbList","@id":"https:\/\/digitalloverofficiel.com\/index.php\/biographie\/#breadcrumb","itemListElement":[{"@type":"ListItem","position":1,"name":"Accueil","item":"https:\/\/digitalloverofficiel.com\/"},{"@type":"ListItem","position":2,"name":"BIOGRAPHIE"}]},{"@type":"WebSite","@id":"https:\/\/digitalloverofficiel.com\/#website","url":"https:\/\/digitalloverofficiel.com\/","name":"DIGITAL LOVER","description":"Cr\u00e9\u00e9 en 2017 en r\u00e9gion parisienne, Digital Lover offre un reggae instrumental aux fronti\u00e8res du Rock, du Dub et de la Synthwave.","publisher":{"@id":"https:\/\/digitalloverofficiel.com\/#\/schema\/person\/7db65bb1974041fa692627b4c8dad02d"},"potentialAction":[{"@type":"SearchAction","target":{"@type":"EntryPoint","urlTemplate":"https:\/\/digitalloverofficiel.com\/?s={search_term_string}"},"query-input":{"@type":"PropertyValueSpecification","valueRequired":true,"valueName":"search_term_string"}}],"inLanguage":"fr-FR"},{"@type":["Person","Organization"],"@id":"https:\/\/digitalloverofficiel.com\/#\/schema\/person\/7db65bb1974041fa692627b4c8dad02d","name":"admin6576","image":{"@type":"ImageObject","inLanguage":"fr-FR","@id":"https:\/\/digitalloverofficiel.com\/wp-content\/uploads\/2020\/12\/test2.jpg","url":"https:\/\/digitalloverofficiel.com\/wp-content\/uploads\/2020\/12\/test2.jpg","contentUrl":"https:\/\/digitalloverofficiel.com\/wp-content\/uploads\/2020\/12\/test2.jpg","width":2500,"height":702,"caption":"admin6576"},"logo":{"@id":"https:\/\/digitalloverofficiel.com\/wp-content\/uploads\/2020\/12\/test2.jpg"},"sameAs":["http:\/\/digitalloverofficiel.com"]}]}},"jetpack_sharing_enabled":true,"_links":{"self":[{"href":"https:\/\/digitalloverofficiel.com\/index.php\/wp-json\/wp\/v2\/pages\/13","targetHints":{"allow":["GET"]}}],"collection":[{"href":"https:\/\/digitalloverofficiel.com\/index.php\/wp-json\/wp\/v2\/pages"}],"about":[{"href":"https:\/\/digitalloverofficiel.com\/index.php\/wp-json\/wp\/v2\/types\/page"}],"author":[{"embeddable":true,"href":"https:\/\/digitalloverofficiel.com\/index.php\/wp-json\/wp\/v2\/users\/1"}],"replies":[{"embeddable":true,"href":"https:\/\/digitalloverofficiel.com\/index.php\/wp-json\/wp\/v2\/comments?post=13"}],"version-history":[{"count":62,"href":"https:\/\/digitalloverofficiel.com\/index.php\/wp-json\/wp\/v2\/pages\/13\/revisions"}],"predecessor-version":[{"id":1706,"href":"https:\/\/digitalloverofficiel.com\/index.php\/wp-json\/wp\/v2\/pages\/13\/revisions\/1706"}],"wp:attachment":[{"href":"https:\/\/digitalloverofficiel.com\/index.php\/wp-json\/wp\/v2\/media?parent=13"}],"curies":[{"name":"wp","href":"https:\/\/api.w.org\/{rel}","templated":true}]}}